{"id":460,"date":"2024-03-03T22:23:24","date_gmt":"2024-03-03T21:23:24","guid":{"rendered":"https:\/\/phantasio.fr\/?page_id=460"},"modified":"2025-09-03T02:07:40","modified_gmt":"2025-09-03T00:07:40","slug":"nous-soutenir","status":"publish","type":"page","link":"https:\/\/phantasio.fr\/index.php\/nous-soutenir\/","title":{"rendered":"Nous soutenir"},"content":{"rendered":"\t\t<div data-elementor-type=\"wp-page\" data-elementor-id=\"460\" class=\"elementor elementor-460\" data-elementor-post-type=\"page\">\n\t\t\t\t\t\t\t\t\t<section class=\"elementor-section elementor-top-section elementor-element elementor-element-e1fb73b elementor-section-boxed elementor-section-height-default elementor-section-height-default\" data-id=\"e1fb73b\" data-element_type=\"section\">\n\t\t\t\t\t\t<div class=\"elementor-container elementor-column-gap-default\">\n\t\t\t\t\t<div class=\"elementor-column elementor-col-50 elementor-top-column elementor-element elementor-element-fd2ba8d\" data-id=\"fd2ba8d\" data-element_type=\"column\">\n\t\t\t<div class=\"elementor-widget-wrap elementor-element-populated\">\n\t\t\t\t\t\t\t\t<div class=\"elementor-element elementor-element-11952ba elementor-widget__width-initial elementor-widget elementor-widget-image\" data-id=\"11952ba\" data-element_type=\"widget\" data-widget_type=\"image.default\">\n\t\t\t\t<div class=\"elementor-widget-container\">\n\t\t\t<style>\/*! elementor - v3.15.0 - 02-08-2023 *\/\n.elementor-widget-image{text-align:center}.elementor-widget-image a{display:inline-block}.elementor-widget-image a img[src$=\".svg\"]{width:48px}.elementor-widget-image img{vertical-align:middle;display:inline-block}<\/style>\t\t\t\t\t\t\t\t\t\t\t\t<img loading=\"lazy\" decoding=\"async\" width=\"580\" height=\"371\" src=\"https:\/\/phantasio.fr\/wp-content\/uploads\/2024\/04\/Saluts.jpg\" class=\"attachment-large size-large wp-image-486\" alt=\"\" srcset=\"https:\/\/phantasio.fr\/wp-content\/uploads\/2024\/04\/Saluts.jpg 1000w, https:\/\/phantasio.fr\/wp-content\/uploads\/2024\/04\/Saluts-300x192.jpg 300w, https:\/\/phantasio.fr\/wp-content\/uploads\/2024\/04\/Saluts-768x491.jpg 768w\" sizes=\"auto, (max-width: 580px) 100vw, 580px\" \/>\t\t\t\t\t\t\t\t\t\t\t\t\t\t\t<\/div>\n\t\t\t\t<\/div>\n\t\t\t\t\t<\/div>\n\t\t<\/div>\n\t\t\t\t<div class=\"elementor-column elementor-col-50 elementor-top-column elementor-element elementor-element-6c7c9e3\" data-id=\"6c7c9e3\" data-element_type=\"column\">\n\t\t\t<div class=\"elementor-widget-wrap elementor-element-populated\">\n\t\t\t\t\t\t\t\t<div class=\"elementor-element elementor-element-94748d2 elementor-widget__width-initial elementor-widget elementor-widget-text-editor\" data-id=\"94748d2\" data-element_type=\"widget\" data-widget_type=\"text-editor.default\">\n\t\t\t\t<div class=\"elementor-widget-container\">\n\t\t\t<style>\/*! elementor - v3.15.0 - 02-08-2023 *\/\n.elementor-widget-text-editor.elementor-drop-cap-view-stacked .elementor-drop-cap{background-color:#69727d;color:#fff}.elementor-widget-text-editor.elementor-drop-cap-view-framed .elementor-drop-cap{color:#69727d;border:3px solid;background-color:transparent}.elementor-widget-text-editor:not(.elementor-drop-cap-view-default) .elementor-drop-cap{margin-top:8px}.elementor-widget-text-editor:not(.elementor-drop-cap-view-default) .elementor-drop-cap-letter{width:1em;height:1em}.elementor-widget-text-editor .elementor-drop-cap{float:left;text-align:center;line-height:1;font-size:50px}.elementor-widget-text-editor .elementor-drop-cap-letter{display:inline-block}<\/style>\t\t\t\t<h3>Nous soutenir :<\/h3><p>Pour faire vivre la musique \u00e0 travers l&rsquo;association Phantasio, nous avons besoin de votre g\u00e9n\u00e9reuse contrbution.<\/p>\t\t\t\t\t\t<\/div>\n\t\t\t\t<\/div>\n\t\t\t\t<div class=\"elementor-element elementor-element-09312d9 elementor-widget elementor-widget-button\" data-id=\"09312d9\" data-element_type=\"widget\" data-widget_type=\"button.default\">\n\t\t\t\t<div class=\"elementor-widget-container\">\n\t\t\t\t\t<div class=\"elementor-button-wrapper\">\n\t\t\t<a class=\"elementor-button elementor-button-link elementor-size-lg\" href=\"https:\/\/www.helloasso.com\/associations\/phantasio\" target=\"_blank\">\n\t\t\t\t\t\t<span class=\"elementor-button-content-wrapper\">\n\t\t\t\t\t\t<span class=\"elementor-button-text\">Aidez-nous sur helloasso.com<\/span>\n\t\t<\/span>\n\t\t\t\t\t<\/a>\n\t\t<\/div>\n\t\t\t\t<\/div>\n\t\t\t\t<\/div>\n\t\t\t\t\t<\/div>\n\t\t<\/div>\n\t\t\t\t\t\t\t<\/div>\n\t\t<\/section>\n\t\t\t\t<section class=\"elementor-section elementor-top-section elementor-element elementor-element-6d91cda elementor-section-boxed elementor-section-height-default elementor-section-height-default\" data-id=\"6d91cda\" data-element_type=\"section\">\n\t\t\t\t\t\t<div class=\"elementor-container elementor-column-gap-default\">\n\t\t\t\t\t<div class=\"elementor-column elementor-col-100 elementor-top-column elementor-element elementor-element-803de50\" data-id=\"803de50\" data-element_type=\"column\">\n\t\t\t<div class=\"elementor-widget-wrap elementor-element-populated\">\n\t\t\t\t\t\t\t\t<div class=\"elementor-element elementor-element-db22ee6 elementor-widget elementor-widget-heading\" data-id=\"db22ee6\" data-element_type=\"widget\" data-widget_type=\"heading.default\">\n\t\t\t\t<div class=\"elementor-widget-container\">\n\t\t\t<style>\/*! elementor - v3.15.0 - 02-08-2023 *\/\n.elementor-heading-title{padding:0;margin:0;line-height:1}.elementor-widget-heading .elementor-heading-title[class*=elementor-size-]>a{color:inherit;font-size:inherit;line-height:inherit}.elementor-widget-heading .elementor-heading-title.elementor-size-small{font-size:15px}.elementor-widget-heading .elementor-heading-title.elementor-size-medium{font-size:19px}.elementor-widget-heading .elementor-heading-title.elementor-size-large{font-size:29px}.elementor-widget-heading .elementor-heading-title.elementor-size-xl{font-size:39px}.elementor-widget-heading .elementor-heading-title.elementor-size-xxl{font-size:59px}<\/style><h2 class=\"elementor-heading-title elementor-size-default\">Nos partenaires artistiques<\/h2>\t\t<\/div>\n\t\t\t\t<\/div>\n\t\t\t\t\t<\/div>\n\t\t<\/div>\n\t\t\t\t\t\t\t<\/div>\n\t\t<\/section>\n\t\t\t\t<section class=\"elementor-section elementor-top-section elementor-element elementor-element-f5244bf elementor-section-boxed elementor-section-height-default elementor-section-height-default\" data-id=\"f5244bf\" data-element_type=\"section\">\n\t\t\t\t\t\t<div class=\"elementor-container elementor-column-gap-default\">\n\t\t\t\t\t<div class=\"elementor-column elementor-col-16 elementor-top-column elementor-element elementor-element-5a22daf\" data-id=\"5a22daf\" data-element_type=\"column\">\n\t\t\t<div class=\"elementor-widget-wrap elementor-element-populated\">\n\t\t\t\t\t\t\t\t<div class=\"elementor-element elementor-element-7b471ba elementor-widget__width-initial elementor-widget elementor-widget-image\" data-id=\"7b471ba\" data-element_type=\"widget\" data-widget_type=\"image.default\">\n\t\t\t\t<div class=\"elementor-widget-container\">\n\t\t\t\t\t\t\t\t\t\t\t\t\t\t\t\t<a href=\"https:\/\/www.paris.fr\/\">\n\t\t\t\t\t\t\t<img loading=\"lazy\" decoding=\"async\" width=\"356\" height=\"358\" src=\"https:\/\/phantasio.fr\/wp-content\/uploads\/2023\/08\/Logo-Paris.png\" class=\"attachment-full size-full wp-image-307\" alt=\"logo de la ville de Paris\" srcset=\"https:\/\/phantasio.fr\/wp-content\/uploads\/2023\/08\/Logo-Paris.png 356w, https:\/\/phantasio.fr\/wp-content\/uploads\/2023\/08\/Logo-Paris-298x300.png 298w, https:\/\/phantasio.fr\/wp-content\/uploads\/2023\/08\/Logo-Paris-150x150.png 150w\" sizes=\"auto, (max-width: 356px) 100vw, 356px\" \/>\t\t\t\t\t\t\t\t<\/a>\n\t\t\t\t\t\t\t\t\t\t\t\t\t\t\t<\/div>\n\t\t\t\t<\/div>\n\t\t\t\t\t<\/div>\n\t\t<\/div>\n\t\t\t\t<div class=\"elementor-column elementor-col-16 elementor-top-column elementor-element elementor-element-f25f3ba\" data-id=\"f25f3ba\" data-element_type=\"column\">\n\t\t\t<div class=\"elementor-widget-wrap elementor-element-populated\">\n\t\t\t\t\t\t\t\t<div class=\"elementor-element elementor-element-165f9b3 elementor-widget__width-initial elementor-widget elementor-widget-image\" data-id=\"165f9b3\" data-element_type=\"widget\" data-widget_type=\"image.default\">\n\t\t\t\t<div class=\"elementor-widget-container\">\n\t\t\t\t\t\t\t\t\t\t\t\t\t\t\t\t<a href=\"https:\/\/www.paris.fr\/\">\n\t\t\t\t\t\t\t<img loading=\"lazy\" decoding=\"async\" width=\"512\" height=\"188\" src=\"https:\/\/phantasio.fr\/wp-content\/uploads\/2025\/09\/Massy-logo.png\" class=\"attachment-full size-full wp-image-575\" alt=\"\" srcset=\"https:\/\/phantasio.fr\/wp-content\/uploads\/2025\/09\/Massy-logo.png 512w, https:\/\/phantasio.fr\/wp-content\/uploads\/2025\/09\/Massy-logo-300x110.png 300w\" sizes=\"auto, (max-width: 512px) 100vw, 512px\" \/>\t\t\t\t\t\t\t\t<\/a>\n\t\t\t\t\t\t\t\t\t\t\t\t\t\t\t<\/div>\n\t\t\t\t<\/div>\n\t\t\t\t\t<\/div>\n\t\t<\/div>\n\t\t\t\t<div class=\"elementor-column elementor-col-16 elementor-top-column elementor-element elementor-element-5656936\" data-id=\"5656936\" data-element_type=\"column\">\n\t\t\t<div class=\"elementor-widget-wrap elementor-element-populated\">\n\t\t\t\t\t\t\t\t<div class=\"elementor-element elementor-element-0b37169 elementor-widget__width-initial elementor-widget elementor-widget-image\" data-id=\"0b37169\" data-element_type=\"widget\" data-widget_type=\"image.default\">\n\t\t\t\t<div class=\"elementor-widget-container\">\n\t\t\t\t\t\t\t\t\t\t\t\t\t\t\t\t<a href=\"https:\/\/conservatoires.paris.fr\/conservatoires\/crr\">\n\t\t\t\t\t\t\t<img loading=\"lazy\" decoding=\"async\" width=\"472\" height=\"306\" src=\"https:\/\/phantasio.fr\/wp-content\/uploads\/2023\/08\/CRR-logo.png\" class=\"attachment-full size-full wp-image-306\" alt=\"Logo du CRR de Paris\" srcset=\"https:\/\/phantasio.fr\/wp-content\/uploads\/2023\/08\/CRR-logo.png 472w, https:\/\/phantasio.fr\/wp-content\/uploads\/2023\/08\/CRR-logo-300x194.png 300w\" sizes=\"auto, (max-width: 472px) 100vw, 472px\" \/>\t\t\t\t\t\t\t\t<\/a>\n\t\t\t\t\t\t\t\t\t\t\t\t\t\t\t<\/div>\n\t\t\t\t<\/div>\n\t\t\t\t\t<\/div>\n\t\t<\/div>\n\t\t\t\t<div class=\"elementor-column elementor-col-16 elementor-top-column elementor-element elementor-element-1f0a268\" data-id=\"1f0a268\" data-element_type=\"column\">\n\t\t\t<div class=\"elementor-widget-wrap elementor-element-populated\">\n\t\t\t\t\t\t\t\t<div class=\"elementor-element elementor-element-8bb7cf3 elementor-widget__width-initial elementor-widget elementor-widget-image\" data-id=\"8bb7cf3\" data-element_type=\"widget\" data-widget_type=\"image.default\">\n\t\t\t\t<div class=\"elementor-widget-container\">\n\t\t\t\t\t\t\t\t\t\t\t\t\t\t\t\t<a href=\"https:\/\/www.vialuce.fr\/\">\n\t\t\t\t\t\t\t<img loading=\"lazy\" decoding=\"async\" width=\"500\" height=\"500\" src=\"https:\/\/phantasio.fr\/wp-content\/uploads\/2023\/08\/ViaLuce-logo-light.png\" class=\"attachment-full size-full wp-image-340\" alt=\"Logo Via Luce\" srcset=\"https:\/\/phantasio.fr\/wp-content\/uploads\/2023\/08\/ViaLuce-logo-light.png 500w, https:\/\/phantasio.fr\/wp-content\/uploads\/2023\/08\/ViaLuce-logo-light-300x300.png 300w, https:\/\/phantasio.fr\/wp-content\/uploads\/2023\/08\/ViaLuce-logo-light-150x150.png 150w\" sizes=\"auto, (max-width: 500px) 100vw, 500px\" \/>\t\t\t\t\t\t\t\t<\/a>\n\t\t\t\t\t\t\t\t\t\t\t\t\t\t\t<\/div>\n\t\t\t\t<\/div>\n\t\t\t\t\t<\/div>\n\t\t<\/div>\n\t\t\t\t<div class=\"elementor-column elementor-col-16 elementor-top-column elementor-element elementor-element-0310d32\" data-id=\"0310d32\" data-element_type=\"column\">\n\t\t\t<div class=\"elementor-widget-wrap elementor-element-populated\">\n\t\t\t\t\t\t\t\t<div class=\"elementor-element elementor-element-1100173 elementor-widget__width-initial elementor-widget elementor-widget-image\" data-id=\"1100173\" data-element_type=\"widget\" data-widget_type=\"image.default\">\n\t\t\t\t<div class=\"elementor-widget-container\">\n\t\t\t\t\t\t\t\t\t\t\t\t\t\t\t\t<a href=\"https:\/\/animaorchestre.com\/\">\n\t\t\t\t\t\t\t<img loading=\"lazy\" decoding=\"async\" width=\"832\" height=\"275\" src=\"https:\/\/phantasio.fr\/wp-content\/uploads\/2023\/09\/Anima-logo.png\" class=\"attachment-full size-full wp-image-364\" alt=\"Logo de l&#039;orchestre Anima\" srcset=\"https:\/\/phantasio.fr\/wp-content\/uploads\/2023\/09\/Anima-logo.png 832w, https:\/\/phantasio.fr\/wp-content\/uploads\/2023\/09\/Anima-logo-300x99.png 300w, https:\/\/phantasio.fr\/wp-content\/uploads\/2023\/09\/Anima-logo-768x254.png 768w\" sizes=\"auto, (max-width: 832px) 100vw, 832px\" \/>\t\t\t\t\t\t\t\t<\/a>\n\t\t\t\t\t\t\t\t\t\t\t\t\t\t\t<\/div>\n\t\t\t\t<\/div>\n\t\t\t\t\t<\/div>\n\t\t<\/div>\n\t\t\t\t<div class=\"elementor-column elementor-col-16 elementor-top-column elementor-element elementor-element-2305f46\" data-id=\"2305f46\" data-element_type=\"column\">\n\t\t\t<div class=\"elementor-widget-wrap elementor-element-populated\">\n\t\t\t\t\t\t\t\t<div class=\"elementor-element elementor-element-33a4240 elementor-widget__width-initial elementor-widget elementor-widget-image\" data-id=\"33a4240\" data-element_type=\"widget\" data-widget_type=\"image.default\">\n\t\t\t\t<div class=\"elementor-widget-container\">\n\t\t\t\t\t\t\t\t\t\t\t\t\t\t\t\t<a href=\"https:\/\/animaorchestre.com\/\">\n\t\t\t\t\t\t\t<img loading=\"lazy\" decoding=\"async\" width=\"500\" height=\"500\" src=\"https:\/\/phantasio.fr\/wp-content\/uploads\/2024\/09\/HEMU-logo.png\" class=\"attachment-full size-full wp-image-513\" alt=\"Logo de la HEMU\" srcset=\"https:\/\/phantasio.fr\/wp-content\/uploads\/2024\/09\/HEMU-logo.png 500w, https:\/\/phantasio.fr\/wp-content\/uploads\/2024\/09\/HEMU-logo-300x300.png 300w, https:\/\/phantasio.fr\/wp-content\/uploads\/2024\/09\/HEMU-logo-150x150.png 150w\" sizes=\"auto, (max-width: 500px) 100vw, 500px\" \/>\t\t\t\t\t\t\t\t<\/a>\n\t\t\t\t\t\t\t\t\t\t\t\t\t\t\t<\/div>\n\t\t\t\t<\/div>\n\t\t\t\t\t<\/div>\n\t\t<\/div>\n\t\t\t\t\t\t\t<\/div>\n\t\t<\/section>\n\t\t\t\t\t\t\t<\/div>\n\t\t","protected":false},"excerpt":{"rendered":"<p>Nous soutenir : Pour faire vivre la musique \u00e0 travers l&rsquo;association Phantasio, nous avons besoin de votre g\u00e9n\u00e9reuse contrbution. Aidez-nous sur helloasso.com Nos partenaires artistiques<\/p>\n","protected":false},"author":1,"featured_media":0,"parent":0,"menu_order":0,"comment_status":"closed","ping_status":"closed","template":"elementor_header_footer","meta":{"footnotes":""},"class_list":["post-460","page","type-page","status-publish","hentry"],"_links":{"self":[{"href":"https:\/\/phantasio.fr\/index.php\/wp-json\/wp\/v2\/pages\/460","targetHints":{"allow":["GET"]}}],"collection":[{"href":"https:\/\/phantasio.fr\/index.php\/wp-json\/wp\/v2\/pages"}],"about":[{"href":"https:\/\/phantasio.fr\/index.php\/wp-json\/wp\/v2\/types\/page"}],"author":[{"embeddable":true,"href":"https:\/\/phantasio.fr\/index.php\/wp-json\/wp\/v2\/users\/1"}],"replies":[{"embeddable":true,"href":"https:\/\/phantasio.fr\/index.php\/wp-json\/wp\/v2\/comments?post=460"}],"version-history":[{"count":31,"href":"https:\/\/phantasio.fr\/index.php\/wp-json\/wp\/v2\/pages\/460\/revisions"}],"predecessor-version":[{"id":587,"href":"https:\/\/phantasio.fr\/index.php\/wp-json\/wp\/v2\/pages\/460\/revisions\/587"}],"wp:attachment":[{"href":"https:\/\/phantasio.fr\/index.php\/wp-json\/wp\/v2\/media?parent=460"}],"curies":[{"name":"wp","href":"https:\/\/api.w.org\/{rel}","templated":true}]}}